{"id":48,"date":"2023-11-16T11:53:28","date_gmt":"2023-11-16T10:53:28","guid":{"rendered":"https:\/\/www.osteopathe-paul-labaize.com\/?page_id=48"},"modified":"2026-01-12T13:24:32","modified_gmt":"2026-01-12T12:24:32","slug":"contact","status":"publish","type":"page","link":"https:\/\/www.osteopathe-paul-labaize.com\/?page_id=48","title":{"rendered":"CONTACT"},"content":{"rendered":"<div class=\"wpb-content-wrapper\"><p>[vc_row row_height_percent=\u00a0\u00bb80&Prime; override_padding=\u00a0\u00bbyes\u00a0\u00bb h_padding=\u00a0\u00bb2&Prime; top_padding=\u00a0\u00bb5&Prime; bottom_padding=\u00a0\u00bb5&Prime; back_color=\u00a0\u00bbcolor-xsdn\u00a0\u00bb back_image=\u00a0\u00bb18&Prime; parallax=\u00a0\u00bbyes\u00a0\u00bb overlay_color=\u00a0\u00bbcolor-xsdn\u00a0\u00bb overlay_alpha=\u00a0\u00bb50&Prime; gutter_size=\u00a0\u00bb3&Prime; column_width_percent=\u00a0\u00bb100&Prime; shift_y=\u00a0\u00bb0&Prime; z_index=\u00a0\u00bb0&Prime; row_name=\u00a0\u00bbWelcome\u00a0\u00bb uncode_shortcode_id=\u00a0\u00bb182374&Prime; back_color_type=\u00a0\u00bbuncode-palette\u00a0\u00bb overlay_color_type=\u00a0\u00bbuncode-palette\u00a0\u00bb][vc_column column_width_use_pixel=\u00a0\u00bbyes\u00a0\u00bb position_vertical=\u00a0\u00bbmiddle\u00a0\u00bb align_horizontal=\u00a0\u00bbalign_center\u00a0\u00bb gutter_size=\u00a0\u00bb3&Prime; style=\u00a0\u00bbdark\u00a0\u00bb overlay_alpha=\u00a0\u00bb50&Prime; shift_x=\u00a0\u00bb0&Prime; shift_y=\u00a0\u00bb0&Prime; z_index=\u00a0\u00bb0&Prime; medium_width=\u00a0\u00bb0&Prime; mobile_width=\u00a0\u00bb0&Prime; zoom_width=\u00a0\u00bb0&Prime; zoom_height=\u00a0\u00bb0&Prime; width=\u00a0\u00bb1\/1&Prime; column_width_pixel=\u00a0\u00bb900&Prime;][vc_custom_heading text_color=\u00a0\u00bbcolor-140687&Prime; text_size=\u00a0\u00bbh1&Prime; text_weight=\u00a0\u00bb700&Prime; uncode_shortcode_id=\u00a0\u00bb465044&Prime; text_color_type=\u00a0\u00bbuncode-palette\u00a0\u00bb]CONTACT[\/vc_custom_heading][\/vc_column][\/vc_row][vc_row unlock_row_content=\u00a0\u00bbyes\u00a0\u00bb row_height_percent=\u00a0\u00bb0&Prime; override_padding=\u00a0\u00bbyes\u00a0\u00bb h_padding=\u00a0\u00bb0&Prime; top_padding=\u00a0\u00bb0&Prime; bottom_padding=\u00a0\u00bb0&Prime; overlay_alpha=\u00a0\u00bb100&Prime; equal_height=\u00a0\u00bbyes\u00a0\u00bb gutter_size=\u00a0\u00bb0&Prime; shift_y=\u00a0\u00bb0&Prime;][vc_column column_width_percent=\u00a0\u00bb100&Prime; position_horizontal=\u00a0\u00bbleft\u00a0\u00bb gutter_size=\u00a0\u00bb3&Prime; override_padding=\u00a0\u00bbyes\u00a0\u00bb column_padding=\u00a0\u00bb5&Prime; overlay_alpha=\u00a0\u00bb100&Prime; shift_x=\u00a0\u00bb0&Prime; shift_y=\u00a0\u00bb0&Prime; z_index=\u00a0\u00bb0&Prime; medium_width=\u00a0\u00bb0&Prime; zoom_width=\u00a0\u00bb0&Prime; zoom_height=\u00a0\u00bb0&Prime; width=\u00a0\u00bb1\/3&Prime;][vc_custom_heading heading_semantic=\u00a0\u00bbh3&Prime; text_size=\u00a0\u00bbh3&Prime; text_weight=\u00a0\u00bb700&Prime; sub_reduced=\u00a0\u00bbyes\u00a0\u00bb text_uppercase=\u00a0\u00bb\u00a0\u00bb uncode_shortcode_id=\u00a0\u00bb191050&Prime;]CABINET[\/vc_custom_heading][vc_icon position=\u00a0\u00bbleft\u00a0\u00bb icon=\u00a0\u00bbfa fa-map-marker\u00a0\u00bb icon_color=\u00a0\u00bbaccent\u00a0\u00bb size=\u00a0\u00bbfa-2x\u00a0\u00bb uncode_shortcode_id=\u00a0\u00bb317585&Prime; icon_color_type=\u00a0\u00bbuncode-palette\u00a0\u00bb]23 place commerciale<br \/>\n31850 MONTRABE[\/vc_icon][vc_icon position=\u00a0\u00bbleft\u00a0\u00bb icon=\u00a0\u00bbfa fa-calendar\u00a0\u00bb icon_color=\u00a0\u00bbaccent\u00a0\u00bb size=\u00a0\u00bbfa-2x\u00a0\u00bb uncode_shortcode_id=\u00a0\u00bb270181&Prime; icon_color_type=\u00a0\u00bbuncode-palette\u00a0\u00bb]Sur rendez-vous<br \/>\ndu Lundi au Samedi[\/vc_icon][vc_icon position=\u00a0\u00bbleft\u00a0\u00bb icon=\u00a0\u00bbfa fa-phone\u00a0\u00bb icon_color=\u00a0\u00bbaccent\u00a0\u00bb size=\u00a0\u00bbfa-2x\u00a0\u00bb uncode_shortcode_id=\u00a0\u00bb333383&Prime; icon_color_type=\u00a0\u00bbuncode-palette\u00a0\u00bb]06 09 86 97 71[\/vc_icon][vc_icon position=\u00a0\u00bbleft\u00a0\u00bb icon=\u00a0\u00bbfa fa-mail\u00a0\u00bb icon_color=\u00a0\u00bbaccent\u00a0\u00bb size=\u00a0\u00bbfa-2x\u00a0\u00bb uncode_shortcode_id=\u00a0\u00bb200286&Prime; icon_color_type=\u00a0\u00bbuncode-palette\u00a0\u00bb]paul.labaize.osteopathe@gmail.com[\/vc_icon][vc_empty_space empty_h=\u00a0\u00bb2&Prime;][uncode_socials size=\u00a0\u00bblead\u00a0\u00bb][\/vc_column][vc_column column_width_percent=\u00a0\u00bb100&Prime; gutter_size=\u00a0\u00bb3&Prime; override_padding=\u00a0\u00bbyes\u00a0\u00bb column_padding=\u00a0\u00bb5&Prime; back_color=\u00a0\u00bbcolor-lxmt\u00a0\u00bb overlay_alpha=\u00a0\u00bb50&Prime; shift_x=\u00a0\u00bb0&Prime; shift_y=\u00a0\u00bb0&Prime; shift_y_down=\u00a0\u00bb0&Prime; z_index=\u00a0\u00bb0&Prime; medium_width=\u00a0\u00bb0&Prime; mobile_width=\u00a0\u00bb0&Prime; zoom_width=\u00a0\u00bb0&Prime; zoom_height=\u00a0\u00bb0&Prime; width=\u00a0\u00bb2\/3&Prime; uncode_shortcode_id=\u00a0\u00bb150170&Prime; back_color_type=\u00a0\u00bbuncode-palette\u00a0\u00bb][vc_custom_heading heading_semantic=\u00a0\u00bbh3&Prime; text_size=\u00a0\u00bbh3&Prime; text_weight=\u00a0\u00bb700&Prime; sub_reduced=\u00a0\u00bbyes\u00a0\u00bb text_uppercase=\u00a0\u00bb\u00a0\u00bb uncode_shortcode_id=\u00a0\u00bb102150&Prime;]PRENONS CONTACT[\/vc_custom_heading]\n<div class=\"wpcf7 no-js\" id=\"wpcf7-f42-o1\" lang=\"en-US\" dir=\"ltr\" data-wpcf7-id=\"42\">\n<div class=\"screen-reader-response\"><p role=\"status\" aria-live=\"polite\" aria-atomic=\"true\"><\/p> <ul><\/ul><\/div>\n<form action=\"\/index.php?rest_route=%2Fwp%2Fv2%2Fpages%2F48#wpcf7-f42-o1\" method=\"post\" class=\"wpcf7-form init\" aria-label=\"Contact form\" novalidate=\"novalidate\" data-status=\"init\">\n<fieldset class=\"hidden-fields-container\"><input type=\"hidden\" name=\"_wpcf7\" value=\"42\" \/><input type=\"hidden\" name=\"_wpcf7_version\" value=\"6.1.4\" \/><input type=\"hidden\" name=\"_wpcf7_locale\" value=\"en_US\" \/><input type=\"hidden\" name=\"_wpcf7_unit_tag\" value=\"wpcf7-f42-o1\" \/><input type=\"hidden\" name=\"_wpcf7_container_post\" value=\"0\" \/><input type=\"hidden\" name=\"_wpcf7_posted_data_hash\" value=\"\" \/>\n<\/fieldset>\n<div class=\"wpcf7-inline-wrapper\">\n\t<p class=\"wpcf7-inline-field\"><span class=\"wpcf7-form-control-wrap\" data-name=\"your-firstname\"><input size=\"40\" maxlength=\"400\" class=\"wpcf7-form-control wpcf7-text wpcf7-validates-as-required\" aria-required=\"true\" aria-invalid=\"false\" placeholder=\"Pr\u00e9nom\" value=\"\" type=\"text\" name=\"your-firstname\" \/><\/span>\n\t<\/p>\n\t<p class=\"wpcf7-inline-field\"><span class=\"wpcf7-form-control-wrap\" data-name=\"your-lastname\"><input size=\"40\" maxlength=\"400\" class=\"wpcf7-form-control wpcf7-text wpcf7-validates-as-required\" aria-required=\"true\" aria-invalid=\"false\" placeholder=\"Nom\" value=\"\" type=\"text\" name=\"your-lastname\" \/><\/span>\n\t<\/p>\n<\/div>\n<div class=\"wpcf7-inline-wrapper\">\n\t<p class=\"wpcf7-inline-field\"><span class=\"wpcf7-form-control-wrap\" data-name=\"your-email\"><input size=\"40\" maxlength=\"400\" class=\"wpcf7-form-control wpcf7-email wpcf7-validates-as-required wpcf7-text wpcf7-validates-as-email\" aria-required=\"true\" aria-invalid=\"false\" placeholder=\"Email\" value=\"\" type=\"email\" name=\"your-email\" \/><\/span>\n\t<\/p>\n\t<p class=\"wpcf7-inline-field\"><span class=\"wpcf7-form-control-wrap\" data-name=\"your-website\"><input size=\"40\" maxlength=\"400\" class=\"wpcf7-form-control wpcf7-text\" aria-invalid=\"false\" placeholder=\"T\u00e9l\u00e9phone\" value=\"\" type=\"text\" name=\"your-website\" \/><\/span>\n\t<\/p>\n<\/div>\n<p><span class=\"wpcf7-form-control-wrap\" data-name=\"your-message\"><textarea cols=\"40\" rows=\"10\" maxlength=\"2000\" class=\"wpcf7-form-control wpcf7-textarea\" aria-invalid=\"false\" placeholder=\"Message\" name=\"your-message\"><\/textarea><\/span>\n<\/p>\n<p><span class=\"wpcf7-form-control-wrap\" data-name=\"accept-this-1\"><span class=\"wpcf7-form-control wpcf7-acceptance\"><span class=\"wpcf7-list-item\"><label><input type=\"checkbox\" name=\"accept-this-1\" value=\"1\" aria-invalid=\"false\" \/><span class=\"wpcf7-list-item-label\">Cocher si vous acceptez nos termes et conditions<\/span><\/label><\/span><\/span><\/span>\n<\/p>\n<p><input class=\"wpcf7-form-control wpcf7-submit has-spinner btn btn-accent btn-block\" type=\"submit\" value=\"Valider votre demande\" \/>\n<\/p><input type=\"text\" name=\"DAtQ1\" value=\"\" style=\"display: none !important;\" \/><div class=\"wpcf7-response-output\" aria-hidden=\"true\"><\/div>\n<\/form>\n<\/div>\n[\/vc_column][\/vc_row][vc_row row_height_percent=\u00a0\u00bb50&Prime; override_padding=\u00a0\u00bbyes\u00a0\u00bb h_padding=\u00a0\u00bb2&Prime; top_padding=\u00a0\u00bb5&Prime; bottom_padding=\u00a0\u00bb5&Prime; back_color=\u00a0\u00bbaccent\u00a0\u00bb back_image=\u00a0\u00bb10&Prime; parallax=\u00a0\u00bbyes\u00a0\u00bb overlay_color=\u00a0\u00bbaccent\u00a0\u00bb overlay_alpha=\u00a0\u00bb80&Prime; equal_height=\u00a0\u00bbyes\u00a0\u00bb gutter_size=\u00a0\u00bb4&Prime; column_width_percent=\u00a0\u00bb100&Prime; shift_y=\u00a0\u00bb0&Prime; z_index=\u00a0\u00bb0&Prime; uncode_shortcode_id=\u00a0\u00bb180240&Prime; back_color_type=\u00a0\u00bbuncode-palette\u00a0\u00bb overlay_color_type=\u00a0\u00bbuncode-palette\u00a0\u00bb][vc_column column_width_percent=\u00a0\u00bb100&Prime; position_vertical=\u00a0\u00bbmiddle\u00a0\u00bb align_horizontal=\u00a0\u00bbalign_center\u00a0\u00bb gutter_size=\u00a0\u00bb3&Prime; style=\u00a0\u00bbdark\u00a0\u00bb overlay_alpha=\u00a0\u00bb50&Prime; shift_x=\u00a0\u00bb0&Prime; shift_y=\u00a0\u00bb0&Prime; shift_y_down=\u00a0\u00bb0&Prime; z_index=\u00a0\u00bb0&Prime; medium_width=\u00a0\u00bb0&Prime; mobile_width=\u00a0\u00bb0&Prime; width=\u00a0\u00bb1\/1&Prime;][vc_custom_heading heading_semantic=\u00a0\u00bbh6&Prime; text_size=\u00a0\u00bbh6&Prime; text_transform=\u00a0\u00bbuppercase\u00a0\u00bb uncode_shortcode_id=\u00a0\u00bb159164&Prime;]TARIFS ET REMBOURSEMENT[\/vc_custom_heading][vc_custom_heading heading_semantic=\u00a0\u00bbh3&Prime; uncode_shortcode_id=\u00a0\u00bb116696&Prime;]60\u20ac Adulte &#8211; 50\u20ac Enfant de moins de 10 ans<br \/>\nDe nombreuses mutuelles prennent en charge les consultations ost\u00e9opathiques.[\/vc_custom_heading][vc_button border_width=\u00a0\u00bb0&Prime; link=\u00a0\u00bburl:https%3A%2F%2Fwww.doctolib.fr%2Fosteopathe%2Fmontrabe%2Fpaul-labaize|target:_blank\u00a0\u00bb uncode_shortcode_id=\u00a0\u00bb150962&Prime;]JE PRENDS RDV[\/vc_button][\/vc_column][\/vc_row][vc_row row_height_percent=\u00a0\u00bb0&Prime; override_padding=\u00a0\u00bbyes\u00a0\u00bb h_padding=\u00a0\u00bb2&Prime; top_padding=\u00a0\u00bb4&Prime; bottom_padding=\u00a0\u00bb4&Prime; overlay_alpha=\u00a0\u00bb50&Prime; gutter_size=\u00a0\u00bb3&Prime; column_width_percent=\u00a0\u00bb100&Prime; shift_y=\u00a0\u00bb0&Prime; z_index=\u00a0\u00bb0&Prime; uncode_shortcode_id=\u00a0\u00bb174556&Prime;][vc_column width=\u00a0\u00bb1\/1&Prime;][vc_single_image media=\u00a0\u00bb4&Prime; media_width_percent=\u00a0\u00bb25&Prime; alignment=\u00a0\u00bbcenter\u00a0\u00bb uncode_shortcode_id=\u00a0\u00bb129220&Prime;][\/vc_column][\/vc_row]<\/p>\n<\/div>","protected":false},"excerpt":{"rendered":"<p>[vc_row row_height_percent=\u00a0\u00bb80&Prime; override_padding=\u00a0\u00bbyes\u00a0\u00bb h_padding=\u00a0\u00bb2&Prime; top_padding=\u00a0\u00bb5&Prime; bottom_padding=\u00a0\u00bb5&Prime; back_color=\u00a0\u00bbcolor-xsdn\u00a0\u00bb back_image=\u00a0\u00bb18&Prime; parallax=\u00a0\u00bbyes\u00a0\u00bb overlay_color=\u00a0\u00bbcolor-xsdn\u00a0\u00bb overlay_alpha=\u00a0\u00bb50&Prime; gutter_size=\u00a0\u00bb3&Prime; column_width_percent=\u00a0\u00bb100&Prime; shift_y=\u00a0\u00bb0&Prime; z_index=\u00a0\u00bb0&Prime; row_name=\u00a0\u00bbWelcome\u00a0\u00bb uncode_shortcode_id=\u00a0\u00bb182374&Prime; back_color_type=\u00a0\u00bbuncode-palette\u00a0\u00bb overlay_color_type=\u00a0\u00bbuncode-palette\u00a0\u00bb][vc_column column_width_use_pixel=\u00a0\u00bbyes\u00a0\u00bb [&hellip;]<\/p>\n","protected":false},"author":1,"featured_media":18,"parent":0,"menu_order":0,"comment_status":"closed","ping_status":"closed","template":"","meta":{"footnotes":""},"class_list":["post-48","page","type-page","status-publish","has-post-thumbnail","hentry"],"yoast_head":"<!-- This site is optimized with the Yoast SEO plugin v26.7 - https:\/\/yoast.com\/wordpress\/plugins\/seo\/ -->\n<title>CONTACT - Ost\u00e9opathe Paul Labaize<\/title>\n<meta name=\"description\" content=\"D\u00e9couvrez les services d&#039;ost\u00e9opathie de Paul Labaize \u00e0 Montrab\u00e9. Soulagez vos douleurs et am\u00e9liorez votre bien-\u00eatre avec un ost\u00e9opathe exp\u00e9riment\u00e9. Prenez rendez-vous d\u00e8s maintenant pour une prise en charge personnalis\u00e9e.\" \/>\n<meta name=\"robots\" content=\"index, follow, max-snippet:-1, max-image-preview:large, max-video-preview:-1\" \/>\n<link rel=\"canonical\" href=\"https:\/\/www.osteopathe-paul-labaize.com\/?page_id=48\" \/>\n<meta property=\"og:locale\" content=\"fr_FR\" \/>\n<meta property=\"og:type\" content=\"article\" \/>\n<meta property=\"og:title\" content=\"CONTACT - Ost\u00e9opathe Paul Labaize\" \/>\n<meta property=\"og:description\" content=\"D\u00e9couvrez les services d&#039;ost\u00e9opathie de Paul Labaize \u00e0 Montrab\u00e9. Soulagez vos douleurs et am\u00e9liorez votre bien-\u00eatre avec un ost\u00e9opathe exp\u00e9riment\u00e9. Prenez rendez-vous d\u00e8s maintenant pour une prise en charge personnalis\u00e9e.\" \/>\n<meta property=\"og:url\" content=\"https:\/\/www.osteopathe-paul-labaize.com\/?page_id=48\" \/>\n<meta property=\"og:site_name\" content=\"Ost\u00e9opathe Paul Labaize\" \/>\n<meta property=\"article:modified_time\" content=\"2026-01-12T12:24:32+00:00\" \/>\n<meta property=\"og:image\" content=\"https:\/\/www.osteopathe-paul-labaize.com\/wp-content\/uploads\/2023\/11\/GHO02819-copie.jpg\" \/>\n\t<meta property=\"og:image:width\" content=\"1500\" \/>\n\t<meta property=\"og:image:height\" content=\"1000\" \/>\n\t<meta property=\"og:image:type\" content=\"image\/jpeg\" \/>\n<meta name=\"twitter:card\" content=\"summary_large_image\" \/>\n<meta name=\"twitter:label1\" content=\"Dur\u00e9e de lecture estim\u00e9e\" \/>\n\t<meta name=\"twitter:data1\" content=\"2 minutes\" \/>\n<script type=\"application\/ld+json\" class=\"yoast-schema-graph\">{\"@context\":\"https:\/\/schema.org\",\"@graph\":[{\"@type\":\"WebPage\",\"@id\":\"https:\/\/www.osteopathe-paul-labaize.com\/?page_id=48\",\"url\":\"https:\/\/www.osteopathe-paul-labaize.com\/?page_id=48\",\"name\":\"CONTACT - Ost\u00e9opathe Paul Labaize\",\"isPartOf\":{\"@id\":\"https:\/\/www.osteopathe-paul-labaize.com\/#website\"},\"primaryImageOfPage\":{\"@id\":\"https:\/\/www.osteopathe-paul-labaize.com\/?page_id=48#primaryimage\"},\"image\":{\"@id\":\"https:\/\/www.osteopathe-paul-labaize.com\/?page_id=48#primaryimage\"},\"thumbnailUrl\":\"https:\/\/www.osteopathe-paul-labaize.com\/wp-content\/uploads\/2023\/11\/GHO02819-copie.jpg\",\"datePublished\":\"2023-11-16T10:53:28+00:00\",\"dateModified\":\"2026-01-12T12:24:32+00:00\",\"description\":\"D\u00e9couvrez les services d'ost\u00e9opathie de Paul Labaize \u00e0 Montrab\u00e9. Soulagez vos douleurs et am\u00e9liorez votre bien-\u00eatre avec un ost\u00e9opathe exp\u00e9riment\u00e9. Prenez rendez-vous d\u00e8s maintenant pour une prise en charge personnalis\u00e9e.\",\"breadcrumb\":{\"@id\":\"https:\/\/www.osteopathe-paul-labaize.com\/?page_id=48#breadcrumb\"},\"inLanguage\":\"fr-FR\",\"potentialAction\":[{\"@type\":\"ReadAction\",\"target\":[\"https:\/\/www.osteopathe-paul-labaize.com\/?page_id=48\"]}]},{\"@type\":\"ImageObject\",\"inLanguage\":\"fr-FR\",\"@id\":\"https:\/\/www.osteopathe-paul-labaize.com\/?page_id=48#primaryimage\",\"url\":\"https:\/\/www.osteopathe-paul-labaize.com\/wp-content\/uploads\/2023\/11\/GHO02819-copie.jpg\",\"contentUrl\":\"https:\/\/www.osteopathe-paul-labaize.com\/wp-content\/uploads\/2023\/11\/GHO02819-copie.jpg\",\"width\":1500,\"height\":1000},{\"@type\":\"BreadcrumbList\",\"@id\":\"https:\/\/www.osteopathe-paul-labaize.com\/?page_id=48#breadcrumb\",\"itemListElement\":[{\"@type\":\"ListItem\",\"position\":1,\"name\":\"Accueil\",\"item\":\"https:\/\/www.osteopathe-paul-labaize.com\/\"},{\"@type\":\"ListItem\",\"position\":2,\"name\":\"CONTACT\"}]},{\"@type\":\"WebSite\",\"@id\":\"https:\/\/www.osteopathe-paul-labaize.com\/#website\",\"url\":\"https:\/\/www.osteopathe-paul-labaize.com\/\",\"name\":\"Ost\u00e9opathe Paul Labaize\",\"description\":\"Ost\u00e9opathe Montrab\u00e9\",\"potentialAction\":[{\"@type\":\"SearchAction\",\"target\":{\"@type\":\"EntryPoint\",\"urlTemplate\":\"https:\/\/www.osteopathe-paul-labaize.com\/?s={search_term_string}\"},\"query-input\":{\"@type\":\"PropertyValueSpecification\",\"valueRequired\":true,\"valueName\":\"search_term_string\"}}],\"inLanguage\":\"fr-FR\"}]}<\/script>\n<!-- \/ Yoast SEO plugin. -->","yoast_head_json":{"title":"CONTACT - Ost\u00e9opathe Paul Labaize","description":"D\u00e9couvrez les services d'ost\u00e9opathie de Paul Labaize \u00e0 Montrab\u00e9. Soulagez vos douleurs et am\u00e9liorez votre bien-\u00eatre avec un ost\u00e9opathe exp\u00e9riment\u00e9. Prenez rendez-vous d\u00e8s maintenant pour une prise en charge personnalis\u00e9e.","robots":{"index":"index","follow":"follow","max-snippet":"max-snippet:-1","max-image-preview":"max-image-preview:large","max-video-preview":"max-video-preview:-1"},"canonical":"https:\/\/www.osteopathe-paul-labaize.com\/?page_id=48","og_locale":"fr_FR","og_type":"article","og_title":"CONTACT - Ost\u00e9opathe Paul Labaize","og_description":"D\u00e9couvrez les services d'ost\u00e9opathie de Paul Labaize \u00e0 Montrab\u00e9. Soulagez vos douleurs et am\u00e9liorez votre bien-\u00eatre avec un ost\u00e9opathe exp\u00e9riment\u00e9. Prenez rendez-vous d\u00e8s maintenant pour une prise en charge personnalis\u00e9e.","og_url":"https:\/\/www.osteopathe-paul-labaize.com\/?page_id=48","og_site_name":"Ost\u00e9opathe Paul Labaize","article_modified_time":"2026-01-12T12:24:32+00:00","og_image":[{"width":1500,"height":1000,"url":"https:\/\/www.osteopathe-paul-labaize.com\/wp-content\/uploads\/2023\/11\/GHO02819-copie.jpg","type":"image\/jpeg"}],"twitter_card":"summary_large_image","twitter_misc":{"Dur\u00e9e de lecture estim\u00e9e":"2 minutes"},"schema":{"@context":"https:\/\/schema.org","@graph":[{"@type":"WebPage","@id":"https:\/\/www.osteopathe-paul-labaize.com\/?page_id=48","url":"https:\/\/www.osteopathe-paul-labaize.com\/?page_id=48","name":"CONTACT - Ost\u00e9opathe Paul Labaize","isPartOf":{"@id":"https:\/\/www.osteopathe-paul-labaize.com\/#website"},"primaryImageOfPage":{"@id":"https:\/\/www.osteopathe-paul-labaize.com\/?page_id=48#primaryimage"},"image":{"@id":"https:\/\/www.osteopathe-paul-labaize.com\/?page_id=48#primaryimage"},"thumbnailUrl":"https:\/\/www.osteopathe-paul-labaize.com\/wp-content\/uploads\/2023\/11\/GHO02819-copie.jpg","datePublished":"2023-11-16T10:53:28+00:00","dateModified":"2026-01-12T12:24:32+00:00","description":"D\u00e9couvrez les services d'ost\u00e9opathie de Paul Labaize \u00e0 Montrab\u00e9. Soulagez vos douleurs et am\u00e9liorez votre bien-\u00eatre avec un ost\u00e9opathe exp\u00e9riment\u00e9. Prenez rendez-vous d\u00e8s maintenant pour une prise en charge personnalis\u00e9e.","breadcrumb":{"@id":"https:\/\/www.osteopathe-paul-labaize.com\/?page_id=48#breadcrumb"},"inLanguage":"fr-FR","potentialAction":[{"@type":"ReadAction","target":["https:\/\/www.osteopathe-paul-labaize.com\/?page_id=48"]}]},{"@type":"ImageObject","inLanguage":"fr-FR","@id":"https:\/\/www.osteopathe-paul-labaize.com\/?page_id=48#primaryimage","url":"https:\/\/www.osteopathe-paul-labaize.com\/wp-content\/uploads\/2023\/11\/GHO02819-copie.jpg","contentUrl":"https:\/\/www.osteopathe-paul-labaize.com\/wp-content\/uploads\/2023\/11\/GHO02819-copie.jpg","width":1500,"height":1000},{"@type":"BreadcrumbList","@id":"https:\/\/www.osteopathe-paul-labaize.com\/?page_id=48#breadcrumb","itemListElement":[{"@type":"ListItem","position":1,"name":"Accueil","item":"https:\/\/www.osteopathe-paul-labaize.com\/"},{"@type":"ListItem","position":2,"name":"CONTACT"}]},{"@type":"WebSite","@id":"https:\/\/www.osteopathe-paul-labaize.com\/#website","url":"https:\/\/www.osteopathe-paul-labaize.com\/","name":"Ost\u00e9opathe Paul Labaize","description":"Ost\u00e9opathe Montrab\u00e9","potentialAction":[{"@type":"SearchAction","target":{"@type":"EntryPoint","urlTemplate":"https:\/\/www.osteopathe-paul-labaize.com\/?s={search_term_string}"},"query-input":{"@type":"PropertyValueSpecification","valueRequired":true,"valueName":"search_term_string"}}],"inLanguage":"fr-FR"}]}},"_links":{"self":[{"href":"https:\/\/www.osteopathe-paul-labaize.com\/index.php?rest_route=\/wp\/v2\/pages\/48","targetHints":{"allow":["GET"]}}],"collection":[{"href":"https:\/\/www.osteopathe-paul-labaize.com\/index.php?rest_route=\/wp\/v2\/pages"}],"about":[{"href":"https:\/\/www.osteopathe-paul-labaize.com\/index.php?rest_route=\/wp\/v2\/types\/page"}],"author":[{"embeddable":true,"href":"https:\/\/www.osteopathe-paul-labaize.com\/index.php?rest_route=\/wp\/v2\/users\/1"}],"replies":[{"embeddable":true,"href":"https:\/\/www.osteopathe-paul-labaize.com\/index.php?rest_route=%2Fwp%2Fv2%2Fcomments&post=48"}],"version-history":[{"count":11,"href":"https:\/\/www.osteopathe-paul-labaize.com\/index.php?rest_route=\/wp\/v2\/pages\/48\/revisions"}],"predecessor-version":[{"id":122,"href":"https:\/\/www.osteopathe-paul-labaize.com\/index.php?rest_route=\/wp\/v2\/pages\/48\/revisions\/122"}],"wp:featuredmedia":[{"embeddable":true,"href":"https:\/\/www.osteopathe-paul-labaize.com\/index.php?rest_route=\/wp\/v2\/media\/18"}],"wp:attachment":[{"href":"https:\/\/www.osteopathe-paul-labaize.com\/index.php?rest_route=%2Fwp%2Fv2%2Fmedia&parent=48"}],"curies":[{"name":"wp","href":"https:\/\/api.w.org\/{rel}","templated":true}]}}